{"id":2,"date":"2023-06-15T11:12:32","date_gmt":"2023-06-15T09:12:32","guid":{"rendered":"http:\/\/ivanpico.canalpsico.com\/?page_id=2"},"modified":"2023-09-10T13:24:28","modified_gmt":"2023-09-10T11:24:28","slug":"page-d-exemple","status":"publish","type":"page","link":"https:\/\/ivanpico.canalpsico.com\/","title":{"rendered":"Pon un psic\u00f3logo en tu vida"},"content":{"rendered":"\n<p class=\"has-text-align-center\">Iv\u00e1n <strong>Pico <\/strong>Mart\u00ednez &#8211; Psic\u00f3logo Colegiado G-05480<\/p>\n\n\n\n<p class=\"has-text-align-center\">Psicolog\u00eda Educativa, Social y Deportiva al alcance de todos en <strong>Lugo <\/strong>y alrededores.<\/p>\n\n\n<div class=\"wp-block-image\">\n<figure class=\"aligncenter\"><img loading=\"lazy\" decoding=\"async\" width=\"768\" height=\"431\" src=\"http:\/\/ivanpico.canalpsico.com\/wp-content\/uploads\/2023\/06\/L12G1038.jpg\" alt=\"\" class=\"wp-image-11\" srcset=\"https:\/\/ivanpico.canalpsico.com\/wp-content\/uploads\/2023\/06\/L12G1038.jpg 768w, https:\/\/ivanpico.canalpsico.com\/wp-content\/uploads\/2023\/06\/L12G1038-300x168.jpg 300w\" sizes=\"auto, (max-width: 768px) 100vw, 768px\" \/><\/figure>\n<\/div>\n\n\n<div class=\"wp-block-buttons alignwide is-content-justification-center is-layout-flex wp-container-core-buttons-is-layout-16018d1d wp-block-buttons-is-layout-flex\">\n<div class=\"wp-block-button is-style-outline is-style-outline--1\"><a class=\"wp-block-button__link wp-element-button\" href=\"https:\/\/wa.me\/34627404796\" target=\"_blank\" rel=\"noreferrer noopener\">CONTACTO WHATSAPP<\/a><\/div>\n\n\n\n<div class=\"wp-block-button is-style-outline is-style-outline--2\"><a class=\"wp-block-button__link wp-element-button\" href=\"https:\/\/psicopico.com\/ivanpico\/\" target=\"_blank\" rel=\"noreferrer noopener\">FORMACI\u00d3N Y EXPERIENCIA<\/a><\/div>\n<\/div>\n\n\n<div class=\"wp-block-image\">\n<figure class=\"aligncenter size-large\"><img loading=\"lazy\" decoding=\"async\" width=\"1024\" height=\"683\" src=\"https:\/\/ivanpico.canalpsico.com\/wp-content\/uploads\/2023\/09\/psicologo-deportivo-lugo-ivan-pico-1024x683.jpg\" alt=\"\" class=\"wp-image-40\" srcset=\"https:\/\/ivanpico.canalpsico.com\/wp-content\/uploads\/2023\/09\/psicologo-deportivo-lugo-ivan-pico-1024x683.jpg 1024w, https:\/\/ivanpico.canalpsico.com\/wp-content\/uploads\/2023\/09\/psicologo-deportivo-lugo-ivan-pico-300x200.jpg 300w, https:\/\/ivanpico.canalpsico.com\/wp-content\/uploads\/2023\/09\/psicologo-deportivo-lugo-ivan-pico-768x512.jpg 768w, https:\/\/ivanpico.canalpsico.com\/wp-content\/uploads\/2023\/09\/psicologo-deportivo-lugo-ivan-pico.jpg 1080w\" sizes=\"auto, (max-width: 1024px) 100vw, 1024px\" \/><figcaption class=\"wp-element-caption\">Lugo. El psicologo Ivan Pico imparte una charla en el Colegio Galen sobre la adiccion a las nuevas tecnologias y en especial al smartphone y las redes sociales<\/figcaption><\/figure>\n<\/div>\n\n\n<div class=\"wp-block-group alignfull\"><div class=\"wp-block-group__inner-container is-layout-constrained wp-block-group-is-layout-constrained\">\n<div class=\"wp-block-group alignwide\"><div class=\"wp-block-group__inner-container is-layout-constrained wp-block-group-is-layout-constrained\">\n<blockquote class=\"wp-block-quote is-layout-flow wp-block-quote-is-layout-flow\">\n<blockquote class=\"wp-block-quote has-text-align-center is-layout-flow wp-block-quote-is-layout-flow\">\n<p>&#8220;De c\u00f3mo entender el mundo o c\u00f3mo el mundo te entiende a ti. &#8220;<\/p>\n<cite>Iv\u00e1n Pico<\/cite><\/blockquote>\n<\/blockquote>\n<\/div><\/div>\n\n\n\n<div class=\"wp-block-group alignfull has-contrast-color has-text-color is-vertical is-content-justification-center is-layout-flex wp-container-core-group-is-layout-f1198d31 wp-block-group-is-layout-flex\" style=\"min-height:40vh;margin-top:0;margin-bottom:0;padding-top:var(--wp--preset--spacing--60);padding-right:var(--wp--preset--spacing--50);padding-bottom:var(--wp--preset--spacing--60);padding-left:var(--wp--preset--spacing--50)\"><div style=\"margin-bottom:6px;\" class=\"is-default-size aligncenter wp-block-site-logo\"><a href=\"https:\/\/ivanpico.canalpsico.com\/\" class=\"custom-logo-link\" rel=\"home\"><img loading=\"lazy\" decoding=\"async\" width=\"500\" height=\"270\" src=\"https:\/\/ivanpico.canalpsico.com\/wp-content\/uploads\/2023\/06\/cropped-cropped-logo-psicologia-ivan-pico-deporte-e1686823623916.png\" class=\"custom-logo\" alt=\"Iv\u00e1n Pico &#8211; Psic\u00f3logo\" srcset=\"https:\/\/ivanpico.canalpsico.com\/wp-content\/uploads\/2023\/06\/cropped-cropped-logo-psicologia-ivan-pico-deporte-e1686823623916.png 500w, https:\/\/ivanpico.canalpsico.com\/wp-content\/uploads\/2023\/06\/cropped-cropped-logo-psicologia-ivan-pico-deporte-e1686823623916-300x162.png 300w\" sizes=\"auto, (max-width: 500px) 100vw, 500px\" \/><\/a><\/div>\n\n\n<p class=\"has-text-align-center has-medium-font-size\">info@psicopico.com<\/p>\n\n\n\n<p class=\"has-text-align-center has-medium-font-size\">\ud83d\udcde +34 627404796<\/p>\n\n\n\n<p>Lugo (Galicia, Espa\u00f1a)<\/p>\n\n\n\n<p><\/p>\n<\/div>\n<\/div><\/div>\n","protected":false},"excerpt":{"rendered":"<p>Iv\u00e1n Pico Mart\u00ednez, es un psic\u00f3logo de Lugo especializado en psicolog\u00eda del deporte, educativa y orientaci\u00f3n profesional. <\/p>\n","protected":false},"author":1,"featured_media":11,"parent":0,"menu_order":0,"comment_status":"closed","ping_status":"open","template":"","meta":{"footnotes":""},"class_list":["post-2","page","type-page","status-publish","has-post-thumbnail","hentry"],"_links":{"self":[{"href":"https:\/\/ivanpico.canalpsico.com\/index.php\/wp-json\/wp\/v2\/pages\/2","targetHints":{"allow":["GET"]}}],"collection":[{"href":"https:\/\/ivanpico.canalpsico.com\/index.php\/wp-json\/wp\/v2\/pages"}],"about":[{"href":"https:\/\/ivanpico.canalpsico.com\/index.php\/wp-json\/wp\/v2\/types\/page"}],"author":[{"embeddable":true,"href":"https:\/\/ivanpico.canalpsico.com\/index.php\/wp-json\/wp\/v2\/users\/1"}],"replies":[{"embeddable":true,"href":"https:\/\/ivanpico.canalpsico.com\/index.php\/wp-json\/wp\/v2\/comments?post=2"}],"version-history":[{"count":20,"href":"https:\/\/ivanpico.canalpsico.com\/index.php\/wp-json\/wp\/v2\/pages\/2\/revisions"}],"predecessor-version":[{"id":42,"href":"https:\/\/ivanpico.canalpsico.com\/index.php\/wp-json\/wp\/v2\/pages\/2\/revisions\/42"}],"wp:featuredmedia":[{"embeddable":true,"href":"https:\/\/ivanpico.canalpsico.com\/index.php\/wp-json\/wp\/v2\/media\/11"}],"wp:attachment":[{"href":"https:\/\/ivanpico.canalpsico.com\/index.php\/wp-json\/wp\/v2\/media?parent=2"}],"curies":[{"name":"wp","href":"https:\/\/api.w.org\/{rel}","templated":true}]}}